{"id":11,"date":"2015-11-23T11:40:29","date_gmt":"2015-11-23T11:40:29","guid":{"rendered":"https:\/\/drp.2015.bde-group.be\/nl\/home\/"},"modified":"2018-03-06T17:12:59","modified_gmt":"2018-03-06T17:12:59","slug":"home","status":"publish","type":"page","link":"https:\/\/www.drpagency.com\/nl\/","title":{"rendered":"Home"},"content":{"rendered":"<div class=\"fusion-fullwidth fullwidth-box nonhundred-percent-fullwidth non-hundred-percent-height-scrolling\"  style='background-color: #ffffff;background-position: left top;background-repeat: no-repeat;padding-top:0px;padding-right:0px;padding-bottom:0px;padding-left:0px;border-top-width:0px;border-bottom-width:0px;border-color:#eae9e9;border-top-style:solid;border-bottom-style:solid;'><div class=\"fusion-builder-row fusion-row \"><div  class=\"fusion-layout-column fusion_builder_column fusion_builder_column_3_4  fusion-three-fourth fusion-column-first 3_4\"  style='margin-top:0px;margin-bottom:20px;width:74%; margin-right: 4%;'>\n\t\t\t\t\t<div class=\"fusion-column-wrapper\" style=\"background-position:left top;background-repeat:no-repeat;-webkit-background-size:cover;-moz-background-size:cover;-o-background-size:cover;background-size:cover;\"  data-bg-url=\"\">\n\t\t\t\t\t\t<div class=\"fusion-title title fusion-sep-none fusion-title-size-one\" style=\"margin-top:0px;margin-bottom:31px;\"><h1 class=\"title-heading-left\">De duurzaamheid van uw bedrijf<\/h1><\/div><div class=\"fusion-text\"><p><strong>Wat is uw meest waardevolle bezit die u bescherming moet bieden? De duurzaamheid van uw bedrijf!<\/strong><\/p>\n<p>Particulieren, bedrijven, overheden \u2026. iedereen gebruikt informatica in het beheer van zijn of haar activiteit.<\/p>\n<p>Gegevensverlies of een uitval van het computersysteem kan dramatische gevolgen hebben.<\/p>\n<p>Uw computer apparatuur is beschadigd door water. Uw computernetwerk is door een virus aangevallen. De prestaties van uw server verslechteren. Welke licenties zijn er? Wie zijn uw IT- en ICT-leveranciers? Waar kunnen uw medewerkers werken? Hebt u alle beveiligingsupdates ge\u00efnstalleerd? Hebt u het herstel van uw back-ups getest? Was u in staat om de privacy van uw klanten te behouden? Van uw burgers? Heeft u een back-up procedure? Wat is uw crisisplan? Wie beheert uw crisisplan?<\/p>\n<p>Onze doelstelling is om de impact van een crisis of een technologische, natuur- of sociale ramp op de activiteit van een bedrijf of een overheidsinstelling te minimaliseren (en dus de duurzaamheid te waarborgen).<\/p>\n<p><a href=\"https:\/\/www.drpagency.com\/nl\/onze-oplossingen\/\">Ontdek hier onze oplossingen die u helpen de continu\u00efteit van uw activiteit te waarborgen.<\/a><\/p>\n<\/div><div class=\"fusion-clearfix\"><\/div>\n\n\t\t\t\t\t<\/div>\n\t\t\t\t<\/div><div  class=\"fusion-layout-column fusion_builder_column fusion_builder_column_1_4  fusion-one-fourth fusion-column-last 1_4\"  style='margin-top:0px;margin-bottom:20px;width:22%'>\n\t\t\t\t\t<div class=\"fusion-column-wrapper\" style=\"background-position:left top;background-repeat:no-repeat;-webkit-background-size:cover;-moz-background-size:cover;-o-background-size:cover;background-size:cover;\"  data-bg-url=\"\">\n\t\t\t\t\t\t<div class=\"fusion-title title fusion-sep-none fusion-title-size-two\" style=\"margin-top:0px;margin-bottom:31px;\"><h2 class=\"title-heading-left\">Onze diensten<\/h2><\/div><div class=\"fusion-widget-area fusion-widget-area-1 fusion-content-widget-area\"><style type=\"text\/css\" scoped=\"scoped\">.fusion-widget-area-1 .widget h4 {color:#50606f;}.fusion-widget-area-1 .widget .heading h4 {color:#50606f;}<\/style><div id=\"text-3\" class=\"widget widget_text multisite-shared-sidebar\">\t\t\t<div class=\"textwidget\"><div class=\"services-bde-group\"><div class=\"lang-fr\">Le BDE Group vous propose diff\u00e9rents services IT par le biais de diff\u00e9rentes soci\u00e9t\u00e9s:\r\n\r\n<a href=\"http:\/\/www.bisoft.be\/\" alt=\"Bisoft - IT Services\" class=\"border-blue\"><img src=\"\/wp-content\/uploads\/2020\/04\/logo-bisoft-home.png\" \/><div class=\"after\">IT Services<\/div><\/a>\r\n\r\n<a href=\"http:\/\/www.revalor\/\" alt=\"Revalor\" <\/a>\r\n<\/div>\r\n<div class=\"lang-nl\">BDE Group biedt verschillende IT-diensten aan via verschillende vennootschappen:\r\n<a href=\"http:\/\/www.bisoft.be\/nl\" alt=\"Bisoft - IT Services\" class=\"border-blue\"><img src=\"\/wp-content\/uploads\/2020\/04\/logo-bisoft-home.png\" \/><div class=\"after\">IT Services<\/div><\/a>\r\n\r\n<a href=\"http:\/\/www.revalor\/\" alt=\"Revalor\" <\/a>\r\n\r\n<\/div>\r\n\r\n\r\n<div class=\"lang-en\">The BDE Group offers the full range of IT services through its different companies:\r\n<a href=\"http:\/\/www.bisoft.be\/en\" alt=\"Bisoft - IT Services\" class=\"border-blue\"><img src=\"\/wp-content\/uploads\/2020\/04\/logo-bisoft-home.png\" \/><div class=\"after\">IT Services<\/div><\/a>\r\n\r\n<a href=\"http:\/\/www.revalor\/\" alt=\"Revalor\" <\/a>\r\n<\/div>\r\n\r\n<\/div><\/div>\n\t\t<\/div><div class=\"fusion-additional-widget-content\"><\/div><\/div><div class=\"fusion-clearfix\"><\/div>\n\n\t\t\t\t\t<\/div>\n\t\t\t\t<\/div><\/div><\/div>\n","protected":false},"excerpt":{"rendered":"","protected":false},"author":1,"featured_media":0,"parent":0,"menu_order":0,"comment_status":"closed","ping_status":"closed","template":"100-width.php","meta":[],"yoast_head":"\n<title>Home - DRP Agency<\/title>\n<meta name=\"robots\" content=\"index, follow, max-snippet:-1, max-image-preview:large, max-video-preview:-1\" \/>\n<link rel=\"canonical\" href=\"http:\/\/www.drpagency.com\/nl\/\" \/>\n<meta property=\"og:locale\" content=\"nl_NL\" \/>\n<meta property=\"og:type\" content=\"article\" \/>\n<meta property=\"og:title\" content=\"Home - DRP Agency\" \/>\n<meta property=\"og:url\" content=\"http:\/\/www.drpagency.com\/nl\/\" \/>\n<meta property=\"og:site_name\" content=\"DRP Agency\" \/>\n<meta property=\"article:modified_time\" content=\"2018-03-06T17:12:59+00:00\" \/>\n<meta name=\"twitter:card\" content=\"summary_large_image\" \/>\n<meta name=\"twitter:label1\" content=\"Geschatte leestijd\" \/>\n\t<meta name=\"twitter:data1\" content=\"2 minuten\" \/>\n<script type=\"application\/ld+json\" class=\"yoast-schema-graph\">{\"@context\":\"https:\/\/schema.org\",\"@graph\":[{\"@type\":\"WebSite\",\"@id\":\"https:\/\/www.drpagency.com\/#website\",\"url\":\"https:\/\/www.drpagency.com\/\",\"name\":\"DRP Agency\",\"description\":\"IT Security\",\"potentialAction\":[{\"@type\":\"SearchAction\",\"target\":{\"@type\":\"EntryPoint\",\"urlTemplate\":\"https:\/\/www.drpagency.com\/?s={search_term_string}\"},\"query-input\":\"required name=search_term_string\"}],\"inLanguage\":\"nl\"},{\"@type\":\"WebPage\",\"@id\":\"http:\/\/www.drpagency.com\/nl\/#webpage\",\"url\":\"http:\/\/www.drpagency.com\/nl\/\",\"name\":\"Home - DRP Agency\",\"isPartOf\":{\"@id\":\"https:\/\/www.drpagency.com\/#website\"},\"datePublished\":\"2015-11-23T11:40:29+00:00\",\"dateModified\":\"2018-03-06T17:12:59+00:00\",\"breadcrumb\":{\"@id\":\"http:\/\/www.drpagency.com\/nl\/#breadcrumb\"},\"inLanguage\":\"nl\",\"potentialAction\":[{\"@type\":\"ReadAction\",\"target\":[\"http:\/\/www.drpagency.com\/nl\/\"]}]},{\"@type\":\"BreadcrumbList\",\"@id\":\"http:\/\/www.drpagency.com\/nl\/#breadcrumb\",\"itemListElement\":[{\"@type\":\"ListItem\",\"position\":1,\"name\":\"Home\",\"item\":\"http:\/\/www.drpagency.com\/nl\/\"},{\"@type\":\"ListItem\",\"position\":2,\"name\":\"Home\"}]}]}<\/script>\n","yoast_head_json":{"title":"Home - DRP Agency","robots":{"index":"index","follow":"follow","max-snippet":"max-snippet:-1","max-image-preview":"max-image-preview:large","max-video-preview":"max-video-preview:-1"},"canonical":"http:\/\/www.drpagency.com\/nl\/","og_locale":"nl_NL","og_type":"article","og_title":"Home - DRP Agency","og_url":"http:\/\/www.drpagency.com\/nl\/","og_site_name":"DRP Agency","article_modified_time":"2018-03-06T17:12:59+00:00","twitter_card":"summary_large_image","twitter_misc":{"Geschatte leestijd":"2 minuten"},"schema":{"@context":"https:\/\/schema.org","@graph":[{"@type":"WebSite","@id":"https:\/\/www.drpagency.com\/#website","url":"https:\/\/www.drpagency.com\/","name":"DRP Agency","description":"IT Security","potentialAction":[{"@type":"SearchAction","target":{"@type":"EntryPoint","urlTemplate":"https:\/\/www.drpagency.com\/?s={search_term_string}"},"query-input":"required name=search_term_string"}],"inLanguage":"nl"},{"@type":"WebPage","@id":"http:\/\/www.drpagency.com\/nl\/#webpage","url":"http:\/\/www.drpagency.com\/nl\/","name":"Home - DRP Agency","isPartOf":{"@id":"https:\/\/www.drpagency.com\/#website"},"datePublished":"2015-11-23T11:40:29+00:00","dateModified":"2018-03-06T17:12:59+00:00","breadcrumb":{"@id":"http:\/\/www.drpagency.com\/nl\/#breadcrumb"},"inLanguage":"nl","potentialAction":[{"@type":"ReadAction","target":["http:\/\/www.drpagency.com\/nl\/"]}]},{"@type":"BreadcrumbList","@id":"http:\/\/www.drpagency.com\/nl\/#breadcrumb","itemListElement":[{"@type":"ListItem","position":1,"name":"Home","item":"http:\/\/www.drpagency.com\/nl\/"},{"@type":"ListItem","position":2,"name":"Home"}]}]}},"_links":{"self":[{"href":"https:\/\/www.drpagency.com\/nl\/wp-json\/wp\/v2\/pages\/11"}],"collection":[{"href":"https:\/\/www.drpagency.com\/nl\/wp-json\/wp\/v2\/pages"}],"about":[{"href":"https:\/\/www.drpagency.com\/nl\/wp-json\/wp\/v2\/types\/page"}],"author":[{"embeddable":true,"href":"https:\/\/www.drpagency.com\/nl\/wp-json\/wp\/v2\/users\/1"}],"replies":[{"embeddable":true,"href":"https:\/\/www.drpagency.com\/nl\/wp-json\/wp\/v2\/comments?post=11"}],"version-history":[{"count":7,"href":"https:\/\/www.drpagency.com\/nl\/wp-json\/wp\/v2\/pages\/11\/revisions"}],"predecessor-version":[{"id":400,"href":"https:\/\/www.drpagency.com\/nl\/wp-json\/wp\/v2\/pages\/11\/revisions\/400"}],"wp:attachment":[{"href":"https:\/\/www.drpagency.com\/nl\/wp-json\/wp\/v2\/media?parent=11"}],"curies":[{"name":"wp","href":"https:\/\/api.w.org\/{rel}","templated":true}]}}